{"id":910,"date":"2023-01-11T16:18:43","date_gmt":"2023-01-11T16:18:43","guid":{"rendered":"https:\/\/asmfmh.org\/services\/art-therapie\/"},"modified":"2023-11-29T14:42:40","modified_gmt":"2023-11-29T14:42:40","slug":"art-therapy","status":"publish","type":"page","link":"https:\/\/asmfmh.org\/en\/services\/art-therapy\/","title":{"rendered":"Art Therapy"},"content":{"rendered":"\n\n\t\t\t<h4>Fall all ages<\/h4><h1>Art Therapy<\/h1>\n\t\t\t\t<p>Art Therapy involves the creation and exploration of artistic productions with an art therapist.\u202f It enables creative expression of emotions, awareness-raising and self-discovery in a safe, welcoming space.\u202f No talent or knowledge of art is necessary to benefit from Art Therapy.\u202f As a caregiver, the art therapy process can facilitate self expression, develop self-esteem, help you connect and find your inner resources for life challenges, move towards acceptance of certain aspects of life, navigate relationships with loved ones living with mental health issues or recharge and enhance well-being.<\/p>\n<p>To find out more about art therapy, watch the video called \u00ab Conf\u00e9rence #18 | D\u00e9mystifier l&#8217;art-th\u00e9rapie avec Gabrielle Gingras \u00bb.<\/p>\n\t\t\t<a href=\"https:\/\/www.youtube.com\/watch?v=7_RTOV_7Ft8\" target=\"_blank\" rel=\"noopener\" role=\"button\" aria-label=\"Watch video (French)\">\n\t\t\t\t\t\t\t\t\t\t\tWatch video (French)\n\t\t<\/a>\n\t\t\t<h4>Art Therapy <\/h4><h1>For Children <\/h1>\n\t\t\t\t<p>Art is a natural language for children, and one that facilitates the expression of emotions.\u202f It enables children to express what they&#8217;re going through, and to deal with it better even when they can&#8217;t explain or understand it.\u202f The art therapist can help them understand, name and normalize what they&#8217;re experiencing.<\/p>\n<p>For more information on art therapy, write to us!<\/p>\n\t\t\t<a href=\"mailto:info@asmfmh.org\" target=\"_blank\" rel=\"noopener\" role=\"button\" aria-label=\"Write to us\">\n\t\t\t\t\t\t\t\t\t\t\tWrite to us\n\t\t<\/a>\n\n","protected":false},"excerpt":{"rendered":"<p>Fall all ages Art Therapy Art Therapy involves the creation and exploration of artistic productions with an art therapist.\u202f It enables creative expression of emotions, awareness-raising and self-discovery in a safe, welcoming space.\u202f No talent or knowledge of art is necessary to benefit from Art Therapy.\u202f As a caregiver, the art therapy process can facilitate [&hellip;]<\/p>\n","protected":false},"author":3,"featured_media":0,"parent":904,"menu_order":2,"comment_status":"closed","ping_status":"closed","template":"","meta":{"site-sidebar-layout":"default","site-content-layout":"","ast-site-content-layout":"default","site-content-style":"default","site-sidebar-style":"default","ast-global-header-display":"","ast-banner-title-visibility":"","ast-main-header-display":"","ast-hfb-above-header-display":"","ast-hfb-below-header-display":"","ast-hfb-mobile-header-display":"","site-post-title":"disabled","ast-breadcrumbs-content":"","ast-featured-img":"","footer-sml-layout":"","ast-disable-related-posts":"","theme-transparent-header-meta":"","adv-header-id-meta":"","stick-header-meta":"","header-above-stick-meta":"","header-main-stick-meta":"","header-below-stick-meta":"","astra-migrate-meta-layouts":"default","ast-page-background-enabled":"default","ast-page-background-meta":{"desktop":{"background-color":"var(--ast-global-color-4)","background-image":"","background-repeat":"repeat","background-position":"center center","background-size":"auto","background-attachment":"scroll","background-type":"","background-media":"","overlay-type":"","overlay-color":"","overlay-opacity":"","overlay-gradient":""},"tablet":{"background-color":"","background-image":"","background-repeat":"repeat","background-position":"center center","background-size":"auto","background-attachment":"scroll","background-type":"","background-media":"","overlay-type":"","overlay-color":"","overlay-opacity":"","overlay-gradient":""},"mobile":{"background-color":"","background-image":"","background-repeat":"repeat","background-position":"center center","background-size":"auto","background-attachment":"scroll","background-type":"","background-media":"","overlay-type":"","overlay-color":"","overlay-opacity":"","overlay-gradient":""}},"ast-content-background-meta":{"desktop":{"background-color":"var(--ast-global-color-5)","background-image":"","background-repeat":"repeat","background-position":"center center","background-size":"auto","background-attachment":"scroll","background-type":"","background-media":"","overlay-type":"","overlay-color":"","overlay-opacity":"","overlay-gradient":""},"tablet":{"background-color":"var(--ast-global-color-5)","background-image":"","background-repeat":"repeat","background-position":"center center","background-size":"auto","background-attachment":"scroll","background-type":"","background-media":"","overlay-type":"","overlay-color":"","overlay-opacity":"","overlay-gradient":""},"mobile":{"background-color":"var(--ast-global-color-5)","background-image":"","background-repeat":"repeat","background-position":"center center","background-size":"auto","background-attachment":"scroll","background-type":"","background-media":"","overlay-type":"","overlay-color":"","overlay-opacity":"","overlay-gradient":""}},"footnotes":""},"class_list":["post-910","page","type-page","status-publish","hentry"],"_links":{"self":[{"href":"https:\/\/asmfmh.org\/en\/wp-json\/wp\/v2\/pages\/910","targetHints":{"allow":["GET"]}}],"collection":[{"href":"https:\/\/asmfmh.org\/en\/wp-json\/wp\/v2\/pages"}],"about":[{"href":"https:\/\/asmfmh.org\/en\/wp-json\/wp\/v2\/types\/page"}],"author":[{"embeddable":true,"href":"https:\/\/asmfmh.org\/en\/wp-json\/wp\/v2\/users\/3"}],"replies":[{"embeddable":true,"href":"https:\/\/asmfmh.org\/en\/wp-json\/wp\/v2\/comments?post=910"}],"version-history":[{"count":5,"href":"https:\/\/asmfmh.org\/en\/wp-json\/wp\/v2\/pages\/910\/revisions"}],"predecessor-version":[{"id":1611,"href":"https:\/\/asmfmh.org\/en\/wp-json\/wp\/v2\/pages\/910\/revisions\/1611"}],"up":[{"embeddable":true,"href":"https:\/\/asmfmh.org\/en\/wp-json\/wp\/v2\/pages\/904"}],"wp:attachment":[{"href":"https:\/\/asmfmh.org\/en\/wp-json\/wp\/v2\/media?parent=910"}],"curies":[{"name":"wp","href":"https:\/\/api.w.org\/{rel}","templated":true}]}}